{"id":30319,"date":"2025-08-12T22:34:37","date_gmt":"2025-08-12T22:34:37","guid":{"rendered":"https:\/\/sybaris.pl\/sell-with-us\/"},"modified":"2025-10-06T14:56:59","modified_gmt":"2025-10-06T14:56:59","slug":"sell-with-us","status":"publish","type":"page","link":"https:\/\/sybaris.pl\/en\/sell-with-us\/","title":{"rendered":"Sell with us"},"content":{"rendered":"\t\t<div data-elementor-type=\"wp-page\" data-elementor-id=\"30319\" class=\"elementor elementor-30319 elementor-29580\">\n\t\t\t\t<div class=\"wd-negative-gap elementor-element elementor-element-74fce42 e-flex e-con-boxed e-con e-parent\" data-id=\"74fce42\" data-element_type=\"container\">\n\t\t\t\t\t<div class=\"e-con-inner\">\n\t\t\t\t<div class=\"elementor-element elementor-element-1667bfb wd-width-100 elementor-widget elementor-widget-wd_title\" data-id=\"1667bfb\" data-element_type=\"widget\" data-widget_type=\"wd_title.default\">\n\t\t\t\t<div class=\"elementor-widget-container\">\n\t\t\t\t\t\t\t<div class=\"title-wrapper wd-set-mb reset-last-child wd-title-color-default wd-title-style-default wd-title-size-default text-center\">\n\n\t\t\t\n\t\t\t<div class=\"liner-continer\">\n\t\t\t\t<h4 class=\"woodmart-title-container title wd-fontsize-l\">Do you want to sell a work of art or a collector's item?  <br \/>\n<\/h4> \n\t\t\t\t\t\t\t<\/div>\n\n\t\t\t\t\t\t\t<div class=\"title-after_title reset-last-child wd-fontsize-xs\">\n\t\t\t\t\t<p><span style=\"font-weight: 400\">Just fill out the form, and our specialists will make a free estimate and present options for its sale, which you will find described below the form.<\/span><\/p>\t\t\t\t<\/div>\n\t\t\t\t\t<\/div>\n\t\t\t\t\t\t<\/div>\n\t\t\t\t<\/div>\n\t\t\t\t<div class=\"elementor-element elementor-element-0668801 elementor-widget-divider--view-line elementor-widget elementor-widget-divider\" data-id=\"0668801\" data-element_type=\"widget\" data-widget_type=\"divider.default\">\n\t\t\t\t<div class=\"elementor-widget-container\">\n\t\t\t\t\t\t\t<div class=\"elementor-divider\">\n\t\t\t<span class=\"elementor-divider-separator\">\n\t\t\t\t\t\t<\/span>\n\t\t<\/div>\n\t\t\t\t\t\t<\/div>\n\t\t\t\t<\/div>\n\t\t\t\t\t<\/div>\n\t\t\t\t<\/div>\n\t\t<div class=\"wd-negative-gap elementor-element elementor-element-6967d02 e-grid e-con-boxed e-con e-parent\" data-id=\"6967d02\" data-element_type=\"container\">\n\t\t\t\t\t<div class=\"e-con-inner\">\n\t\t\t\t<div class=\"elementor-element elementor-element-37f34f1 elementor-widget elementor-widget-wd_contact_form_7\" data-id=\"37f34f1\" data-element_type=\"widget\" data-widget_type=\"wd_contact_form_7.default\">\n\t\t\t\t<div class=\"elementor-widget-container\">\n\t\t\t\t\t\n<div class=\"wpcf7 no-js\" id=\"wpcf7-f30086-o1\" lang=\"en-US\" dir=\"ltr\" data-wpcf7-id=\"30086\">\n<div class=\"screen-reader-response\"><p role=\"status\" aria-live=\"polite\" aria-atomic=\"true\"><\/p> <ul><\/ul><\/div>\n<form action=\"\/en\/wp-json\/wp\/v2\/pages\/30319#wpcf7-f30086-o1\" method=\"post\" class=\"wpcf7-form init\" aria-label=\"Contact form\" enctype=\"multipart\/form-data\" novalidate=\"novalidate\" data-status=\"init\">\n<fieldset class=\"hidden-fields-container\"><input type=\"hidden\" name=\"_wpcf7\" value=\"30086\" \/><input type=\"hidden\" name=\"_wpcf7_version\" value=\"6.1.1\" \/><input type=\"hidden\" name=\"_wpcf7_locale\" value=\"en_US\" \/><input type=\"hidden\" name=\"_wpcf7_unit_tag\" value=\"wpcf7-f30086-o1\" \/><input type=\"hidden\" name=\"_wpcf7_container_post\" value=\"0\" \/><input type=\"hidden\" name=\"_wpcf7_posted_data_hash\" value=\"\" \/><input type=\"hidden\" name=\"_wpcf7_recaptcha_response\" value=\"\" \/>\n<\/fieldset>\n<div class=\"consignment-inquiry-form\">\n\t<h3>Sell your antique on consignment\n\t<\/h3>\n\t<p>Fill out the form and our expert will value your item and make the best offer for cooperation.\n\t<\/p>\n \n <!-- SEKCJA: DANE KONTAKTOWE -->\n\t<div class=\"form-section\">\n\t\t<h4 class=\"section-title\">Contact information\n\t\t<\/h4>\n\t\t<div class=\"form-row form-row-half\">\n\t\t\t<p><label>Name *<br \/>\n<span class=\"wpcf7-form-control-wrap\" data-name=\"seller-name\"><input size=\"40\" maxlength=\"400\" class=\"wpcf7-form-control wpcf7-text wpcf7-validates-as-required form-control\" aria-required=\"true\" aria-invalid=\"false\" placeholder=\"Jan Kowalski\" value=\"\" type=\"text\" name=\"seller-name\" \/><\/span><\/label>\n\t\t\t<\/p>\n\t\t<\/div>\n\t\t<div class=\"form-row form-row-half\">\n\t\t\t<p><label>Email *<br \/>\n<span class=\"wpcf7-form-control-wrap\" data-name=\"seller-email\"><input size=\"40\" maxlength=\"400\" class=\"wpcf7-form-control wpcf7-email wpcf7-validates-as-required wpcf7-text wpcf7-validates-as-email form-control\" aria-required=\"true\" aria-invalid=\"false\" placeholder=\"jan@example.com\" value=\"\" type=\"email\" name=\"seller-email\" \/><\/span><\/label>\n\t\t\t<\/p>\n\t\t<\/div>\n\t\t<div class=\"form-row form-row-half\">\n\t\t\t<p><label>Phone *<br \/>\n<span class=\"wpcf7-form-control-wrap\" data-name=\"seller-phone-class:form-control\"><input size=\"40\" maxlength=\"400\" class=\"wpcf7-form-control wpcf7-tel wpcf7-validates-as-required wpcf7-text wpcf7-validates-as-tel\" aria-required=\"true\" aria-invalid=\"false\" placeholder=\"+48 123 456 789\" value=\"\" type=\"tel\" name=\"seller-phone-class:form-control\" \/><\/span><\/label>\n\t\t\t<\/p>\n\t\t<\/div>\n\t\t<div class=\"form-row form-row-half\">\n\t\t\t<p><label>City *<br \/>\n<span class=\"wpcf7-form-control-wrap\" data-name=\"seller-city\"><input size=\"40\" maxlength=\"400\" class=\"wpcf7-form-control wpcf7-text wpcf7-validates-as-required form-control\" aria-required=\"true\" aria-invalid=\"false\" placeholder=\"Warsaw.\" value=\"\" type=\"text\" name=\"seller-city\" \/><\/span><\/label>\n\t\t\t<\/p>\n\t\t<\/div>\n\t<\/div>\n \n <!-- SEKCJA: INFORMACJE O ANTYKU -->\n\t<div class=\"form-section\">\n\t\t<h4 class=\"section-title\">Information about the subject\n\t\t<\/h4>\n\t\t<div class=\"form-row\">\n\t\t\t<p><label>Item type *<br \/>\n<span class=\"wpcf7-form-control-wrap\" data-name=\"item-category\"><select class=\"wpcf7-form-control wpcf7-select wpcf7-validates-as-required form-select\" aria-required=\"true\" aria-invalid=\"false\" name=\"item-category\"><option value=\"Wybierz kategori\u0119...\">Wybierz kategori\u0119...<\/option><option value=\"Meble\">Meble<\/option><option value=\"Malarstwo\">Malarstwo<\/option><option value=\"Rze\u017aba\">Rze\u017aba<\/option><option value=\"Ceramika i porcelana\">Ceramika i porcelana<\/option><option value=\"Srebra i platery\">Srebra i platery<\/option><option value=\"Bi\u017cuteria\">Bi\u017cuteria<\/option><option value=\"Zegary\">Zegary<\/option><option value=\"Militaria\">Militaria<\/option><option value=\"Ikony\">Ikony<\/option><option value=\"Grafika\">Grafika<\/option><option value=\"Ksi\u0105\u017cki i r\u0119kopisy\">Ksi\u0105\u017cki i r\u0119kopisy<\/option><option value=\"Numizmatyka\">Numizmatyka<\/option><option value=\"Szk\u0142o artystyczne\">Szk\u0142o artystyczne<\/option><option value=\"Lampy i o\u015bwietlenie\">Lampy i o\u015bwietlenie<\/option><option value=\"Inne\">Inne<\/option><\/select><\/span><\/label>\n\t\t\t<\/p>\n\t\t<\/div>\n\t\t<div class=\"form-row form-row-half\">\n\t\t\t<p><label>Origin\/source of acquisition<br \/>\n<span class=\"wpcf7-form-control-wrap\" data-name=\"item-origin\"><input size=\"40\" maxlength=\"400\" class=\"wpcf7-form-control wpcf7-text form-control\" aria-invalid=\"false\" placeholder=\"Where was the object acquired from?\" value=\"\" type=\"text\" name=\"item-origin\" \/><\/span><\/label>\n\t\t\t<\/p>\n\t\t<\/div>\n\t\t<div class=\"form-row\">\n\t\t\t<p><label>Item dimensions *<br \/>\n<span class=\"wpcf7-form-control-wrap\" data-name=\"item-dimensions\"><input size=\"40\" maxlength=\"400\" class=\"wpcf7-form-control wpcf7-text wpcf7-validates-as-required form-control\" aria-required=\"true\" aria-invalid=\"false\" placeholder=\"e.g. height 120cm x width 80cm x depth 45cm\" value=\"\" type=\"text\" name=\"item-dimensions\" \/><\/span><\/label>\n\t\t\t<\/p>\n\t\t<\/div>\n\t\t<div class=\"form-row\">\n\t\t\t<p><label>Detailed item description *<br \/>\n<span class=\"wpcf7-form-control-wrap\" data-name=\"item-description\"><textarea cols=\"40\" rows=\"5\" maxlength=\"2000\" class=\"wpcf7-form-control wpcf7-textarea wpcf7-validates-as-required form-control\" aria-required=\"true\" aria-invalid=\"false\" placeholder=\"Describe the item in as much detail as possible: material, manufacturing technique, possible signatures, maker&#039;s marks, history of the item, provenance (e.g., family inheritance), any damage or shortcomings....\" name=\"item-description\"><\/textarea><\/span><\/label>\n\t\t\t<\/p>\n\t\t<\/div>\n\t<\/div>\n \n <!-- SEKCJA: DOKUMENTACJA -->\n\t<div class=\"form-section\">\n\t\t<h4 class=\"section-title\">Documentation\n\t\t<\/h4>\n\t\t<div class=\"form-row\">\n\t\t\t<p><label>Photos of the item * (max 5 files, each up to 5MB)<br \/>\n<span class=\"wpcf7-form-control-wrap\" data-name=\"item-photos\"><input size=\"40\" class=\"wpcf7-form-control wpcf7-file wpcf7-validates-as-required\" accept=\".jpg,.jpeg,.png,.gif,.webp\" aria-required=\"true\" aria-invalid=\"false\" type=\"file\" name=\"item-photos\" \/><\/span><br \/>\n<small>Please send photos with different shots, details and possible signatures\/marks<\/small><\/label>\n\t\t\t<\/p>\n\t\t<\/div>\n\t\t<div class=\"form-row\">\n\t\t\t<p><label>Additional information<br \/>\n<span class=\"wpcf7-form-control-wrap\" data-name=\"additional-info\"><textarea cols=\"40\" rows=\"3\" maxlength=\"2000\" class=\"wpcf7-form-control wpcf7-textarea form-control\" aria-invalid=\"false\" placeholder=\"If you have additional questions or information that may be relevant...\" name=\"additional-info\"><\/textarea><\/span><\/label>\n\t\t\t<\/p>\n\t\t<\/div>\n\t<\/div>\n \n <!-- SEKCJA: SK\u0104D O NAS -->\n\t<div class=\"form-section\">\n\t\t<div class=\"form-row\">\n\t\t\t<p><label>How did you find out about our gallery?<br \/>\n<span class=\"wpcf7-form-control-wrap\" data-name=\"referral-source\"><select class=\"wpcf7-form-control wpcf7-select form-select\" aria-invalid=\"false\" name=\"referral-source\"><option value=\"Google\/wyszukiwarka\">Google\/wyszukiwarka<\/option><option value=\"Facebook\">Facebook<\/option><option value=\"Instagram\">Instagram<\/option><option value=\"Polecenie znajomych\">Polecenie znajomych<\/option><option value=\"By\u0142em klientem\">By\u0142em klientem<\/option><option value=\"Targi\/wystawa\">Targi\/wystawa<\/option><option value=\"Inne\">Inne<\/option><\/select><\/span><\/label>\n\t\t\t<\/p>\n\t\t<\/div>\n\t<\/div>\n \n <!-- ZGODY I WYSY\u0141KA -->\n\t<div class=\"form-submit\">\n\t\t<p><label class=\"checkbox-label\"><br \/>\n<span class=\"wpcf7-form-control-wrap\" data-name=\"acceptance-809\"><span class=\"wpcf7-form-control wpcf7-acceptance\"><span class=\"wpcf7-list-item\"><label><input type=\"checkbox\" name=\"acceptance-809\" value=\"1\" aria-invalid=\"false\" \/><span class=\"wpcf7-list-item-label\">I agree to receive commercial information by e-mail<\/span><\/label><\/span><\/span><\/span><br \/>\n<\/label>\n\t\t<\/p>\n\t\t<p><input class=\"wpcf7-form-control wpcf7-submit has-spinner btn-consignment\" type=\"submit\" value=\"Send notification\" \/>\n\t\t<\/p>\n\t<\/div>\n<\/div>\n<style>\n\/* STYLE DLA FORMULARZA KOMISU ANTYK\u00d3W - WERSJA CIEMNA *\/\n.consignment-inquiry-form {\n max-width: 800px;\n margin: 0 auto;\n padding: 30px;\n background: #1A1A1A; \/* Ciemne t\u0142o formularza *\/\n box-shadow: 0 0 20px rgba(0,0,0,0.3);\n border: 1px solid #333; \/* Subtelna ramka dla lepszego wydzielenia *\/\n}\n\n.consignment-inquiry-form h3 {\n color: #d4af37; \/* Z\u0142oty kolor g\u0142\u00f3wnego nag\u0142\u00f3wka *\/\n font-size: 28px;\n margin-bottom: 10px;\n font-family: 'Georgia', serif;\n}\n\n.consignment-inquiry-form > p {\n color: #b8b8b8; \/* Jasnoszary kolor dla opisu *\/\n margin-bottom: 30px;\n font-size: 16px;\n}\n\n.form-section {\n margin-bottom: 40px;\n padding-top: 20px;\n border-top: 2px solid #333; \/* Ciemniejszy separator *\/\n}\n\n.form-section:first-of-type {\n border-top: none;\n padding-top: 0;\n}\n\n.section-title {\n color: #d4af37; \/* Z\u0142oty kolor nag\u0142\u00f3wk\u00f3w sekcji - pozostaje *\/\n font-size: 20px;\n margin-bottom: 20px;\n font-family: 'Georgia', serif;\n text-transform: uppercase;\n letter-spacing: 1px;\n}\n\n.form-row {\n margin-bottom: 20px;\n}\n\n.form-row-half {\n width: 48%;\n display: inline-block;\n margin-right: 4%;\n}\n\n.form-row-half:nth-child(even) {\n margin-right: 0;\n}\n\n.form-row label {\n display: block;\n color: #e0e0e0; \/* Jasny kolor dla etykiet *\/\n font-weight: 500;\n margin-bottom: 8px;\n font-size: 14px;\n}\n\n.form-row small {\n display: block;\n color: #999; \/* \u015arednioszary dla dodatkowych informacji *\/\n font-size: 12px;\n margin-top: 5px;\n font-style: italic;\n}\n\n\/* Style dla p\u00f3l formularza *\/\n.form-control,\n.form-select,\n.wpcf7-file {\n width: 100%;\n padding: 12px;\n border: 1px solid #444; \/* Ciemniejsza ramka *\/\n background: #2a2a2a; \/* Ciemne t\u0142o p\u00f3l *\/\n color: #e0e0e0; \/* Jasny tekst w polach *\/\n font-size: 14px;\n transition: all 0.3s;\n}\n\n\/* Placeholder w polach *\/\n.form-control::placeholder {\n color: #666; \/* Przyciemniony placeholder *\/\n}\n\n\/* Stan focus *\/\n.form-control:focus,\n.form-select:focus {\n border-color: #d4af37; \/* Z\u0142ota ramka przy focus *\/\n background: #333; \/* Troch\u0119 ja\u015bniejsze t\u0142o przy focus *\/\n outline: none;\n box-shadow: 0 0 5px rgba(212, 175, 55, 0.3);\n}\n\n\/* Dla select - opcje *\/\n.form-select option {\n background: #2a2a2a;\n color: #e0e0e0;\n}\n\n\/* Textarea *\/\ntextarea.form-control {\n resize: vertical;\n background: #2a2a2a;\n color: #e0e0e0;\n}\n\n\/* Pole wyboru pliku *\/\ninput[type= \"file\"] {\n color: #b8b8b8;\n background: #2a2a2a;\n padding: 10px;\n border: 1px solid #444;\n border-radius: 3px;\n}\n\ninput[type= \"file\"]::-webkit-file-upload-button {\n background: #444;\n color: #e0e0e0;\n border: none;\n padding: 8px 15px;\n cursor: pointer;\n margin-right: 10px;\n transition: all 0.3s;\n}\n\ninput[type= \"file\"]::-webkit-file-upload-button:hover {\n background: #d4af37;\n color: #1a1a1a;\n}\n\n\/* Checkboxy *\/\n.checkbox-label {\n display: flex;\n align-items: flex-start;\n margin-bottom: 15px;\n cursor: pointer;\n}\n\n.checkbox-label input[type= \"checkbox\"] {\n margin-right: 10px;\n margin-top: 3px;\n \/* Style dla custom checkbox *\/\n width: 18px;\n height: 18px;\n accent-color: #d4af37; \/* Z\u0142oty akcent dla zaznaczenia *\/\n}\n\n.checkbox-label span {\n font-size: 14px;\n color: #b8b8b8; \/* Jasny tekst przy checkboxach *\/\n line-height: 1.5;\n}\n\n\/* Przycisk wysy\u0142ania *\/\n.btn-consignment {\n background: #d4af37; \/* Z\u0142oty przycisk *\/\n color: #1a1a1a; \/* Ciemny tekst na przycisku *\/\n padding: 15px 40px;\n border: none;\n font-size: 16px;\n text-transform: uppercase;\n letter-spacing: 2px;\n font-weight: bold;\n cursor: pointer;\n transition: all 0.3s;\n}\n\n.btn-consignment:hover {\n background: #fff; \/* Bia\u0142y przy hover *\/\n color: #1a1a1a;\n box-shadow: 0 0 10px rgba(212, 175, 55, 0.5);\n}\n\n\/* Komunikaty walidacji Contact Form 7 *\/\n.wpcf7-not-valid-tip {\n color: #ff6b6b; \/* Czerwony dla b\u0142\u0119d\u00f3w *\/\n font-size: 12px;\n margin-top: 5px;\n}\n\n.wpcf7-response-output {\n margin: 20px 0;\n padding: 15px;\n border-radius: 3px;\n}\n\n.wpcf7-mail-sent-ok {\n background: #2a4d2a;\n color: #90ee90;\n border: 1px solid #4a7c4a;\n}\n\n.wpcf7-mail-sent-ng,\n.wpcf7-spam-blocked,\n.wpcf7-validation-errors {\n background: #4d2a2a;\n color: #ff9999;\n border: 1px solid #7c4a4a;\n}\n\n\/* Media queries dla responsywno\u015bci *\/\n@media (max-width: 768px) {\n .form-row-half {\n width: 100%;\n margin-right: 0;\n }\n \n .consignment-inquiry-form {\n padding: 20px;\n }\n \n .section-title {\n font-size: 18px;\n }\n \n .consignment-inquiry-form h3 {\n font-size: 24px;\n }\n}\n\n\/* Dodatkowe style dla lepszej czytelno\u015bci *\/\n.form-section:hover {\n background: rgba(255, 255, 255, 0.02); \/* Bardzo subtelne pod\u015bwietlenie sekcji przy hover *\/\n transition: background 0.3s;\n}\n\n\/* Scrollbar dla textarea w ciemnym motywie *\/\ntextarea.form-control::-webkit-scrollbar {\n width: 8px;\n}\n\ntextarea.form-control::-webkit-scrollbar-track {\n background: #2a2a2a;\n}\n\ntextarea.form-control::-webkit-scrollbar-thumb {\n background: #444;\n border-radius: 4px;\n}\n\ntextarea.form-control::-webkit-scrollbar-thumb:hover {\n background: #555;\n}\n<\/style><div class=\"wpcf7-response-output\" aria-hidden=\"true\"><\/div>\n<\/form>\n<\/div>\n\t\t\t\t<\/div>\n\t\t\t\t<\/div>\n\t\t\t\t<div class=\"elementor-element elementor-element-e476ee0 sticky-column-sell elementor-widget elementor-widget-wd_text_block\" data-id=\"e476ee0\" data-element_type=\"widget\" data-widget_type=\"wd_text_block.default\">\n\t\t\t\t<div class=\"elementor-widget-container\">\n\t\t\t\t\t\t\t<div class=\"wd-text-block reset-last-child text-left\">\n\t\t\t\n\t\t\t<h2 style=\"color: #d4af37;\"><b>Learn about Sybaris' sales methods:<\/b><b><br><\/b><b><\/b><\/h2><p><span style=\"font-weight: 400;\">1. Cash<\/span><span style=\"font-weight: 400;\"><br><\/span><span style=\"font-weight: 400;\">We offer direct purchase of the objects of interest for cash - this is the easiest and fastest form of sale with payment on hand.<\/span><span style=\"font-weight: 400;\"><br><\/span><span style=\"font-weight: 400;\"><br><\/span><span style=\"font-weight: 400;\">2. Commission based<\/span><span style=\"font-weight: 400;\"><br><\/span><span style=\"font-weight: 400;\">For those for whom a higher price matters more than the rate of sale, we offer to take the object on consignment. The object will go to our exhibition space, where it will be presented to collectors, art lovers and investors. It will remain your property until the sale. You will receive your remuneration upon completion of the transaction.   <\/span><span style=\"font-weight: 400;\"><br><\/span><span style=\"font-weight: 400;\"><br><\/span><span style=\"font-weight: 400;\">3. Selling through Sybaris eCommerce<\/span><span style=\"font-weight: 400;\"><br><\/span><span style=\"font-weight: 400;\">This method applies to objects accepted for commission sale. Through our online channels, we present works of art, antiques and handicrafts to a wide audience at home and abroad.   <\/span><span style=\"font-weight: 400;\"><br><\/span><span style=\"font-weight: 400;\"><br><\/span><span style=\"font-weight: 400;\">4. Auction<\/span><span style=\"font-weight: 400;\"><br><\/span><span style=\"font-weight: 400;\">We can put the object up for auction, organized on an online platform. An auction allows us to get the highest possible price through competition between bidders. This form of sale depends on the auction calendar and may take time.  <\/span><span style=\"font-weight: 400;\"><br><\/span><\/p>\n\t\t\t\t\t<\/div>\n\t\t\t\t\t\t<\/div>\n\t\t\t\t<\/div>\n\t\t\t\t\t<\/div>\n\t\t\t\t<\/div>\n\t\t\t\t<\/div>\n\t\t","protected":false},"excerpt":{"rendered":"<p>Chcesz sprzeda\u0107 dzie\u0142o sztuki lub przedmiot kolekcjonerski? Wystarczy wype\u0142ni\u0107 formularz, a nasi specjali\u015bci dokonaj\u0105 bezp\u0142atnej wyceny i przedstawi\u0105 mo\u017cliwo\u015bci jego<\/p>\n","protected":false},"author":1,"featured_media":0,"parent":0,"menu_order":0,"comment_status":"closed","ping_status":"closed","template":"","meta":{"footnotes":""},"class_list":["post-30319","page","type-page","status-publish","hentry"],"yoast_head":"<!-- This site is optimized with the Yoast SEO plugin v26.5 - https:\/\/yoast.com\/wordpress\/plugins\/seo\/ -->\n<title>Sell with us - Sybaris<\/title>\n<meta name=\"robots\" content=\"index, follow, max-snippet:-1, max-image-preview:large, max-video-preview:-1\" \/>\n<link rel=\"canonical\" href=\"https:\/\/sybaris.pl\/en\/sell-with-us\/\" \/>\n<meta property=\"og:locale\" content=\"en_US\" \/>\n<meta property=\"og:type\" content=\"article\" \/>\n<meta property=\"og:title\" content=\"Sell with us - Sybaris\" \/>\n<meta property=\"og:description\" content=\"Chcesz sprzeda\u0107 dzie\u0142o sztuki lub przedmiot kolekcjonerski? Wystarczy wype\u0142ni\u0107 formularz, a nasi specjali\u015bci dokonaj\u0105 bezp\u0142atnej wyceny i przedstawi\u0105 mo\u017cliwo\u015bci jego\" \/>\n<meta property=\"og:url\" content=\"https:\/\/sybaris.pl\/en\/sell-with-us\/\" \/>\n<meta property=\"og:site_name\" content=\"Sybaris\" \/>\n<meta property=\"article:publisher\" content=\"https:\/\/www.facebook.com\/galeriasybaris\/\" \/>\n<meta property=\"article:modified_time\" content=\"2025-10-06T14:56:59+00:00\" \/>\n<meta name=\"twitter:card\" content=\"summary_large_image\" \/>\n<meta name=\"twitter:label1\" content=\"Est. reading time\" \/>\n\t<meta name=\"twitter:data1\" content=\"2 minutes\" \/>\n<script type=\"application\/ld+json\" class=\"yoast-schema-graph\">{\"@context\":\"https:\/\/schema.org\",\"@graph\":[{\"@type\":\"WebPage\",\"@id\":\"https:\/\/sybaris.pl\/en\/sell-with-us\/\",\"url\":\"https:\/\/sybaris.pl\/en\/sell-with-us\/\",\"name\":\"Sell with us - Sybaris\",\"isPartOf\":{\"@id\":\"https:\/\/sybaris.pl\/#website\"},\"datePublished\":\"2025-08-12T22:34:37+00:00\",\"dateModified\":\"2025-10-06T14:56:59+00:00\",\"breadcrumb\":{\"@id\":\"https:\/\/sybaris.pl\/en\/sell-with-us\/#breadcrumb\"},\"inLanguage\":\"en-US\",\"potentialAction\":[{\"@type\":\"ReadAction\",\"target\":[\"https:\/\/sybaris.pl\/en\/sell-with-us\/\"]}]},{\"@type\":\"BreadcrumbList\",\"@id\":\"https:\/\/sybaris.pl\/en\/sell-with-us\/#breadcrumb\",\"itemListElement\":[{\"@type\":\"ListItem\",\"position\":1,\"name\":\"Strona g\u0142\u00f3wna\",\"item\":\"https:\/\/sybaris.pl\/en\/homepage\/\"},{\"@type\":\"ListItem\",\"position\":2,\"name\":\"Sell with us\"}]},{\"@type\":\"WebSite\",\"@id\":\"https:\/\/sybaris.pl\/#website\",\"url\":\"https:\/\/sybaris.pl\/\",\"name\":\"Sybaris\",\"description\":\"Antykwariat Sybaris\",\"publisher\":{\"@id\":\"https:\/\/sybaris.pl\/#organization\"},\"potentialAction\":[{\"@type\":\"SearchAction\",\"target\":{\"@type\":\"EntryPoint\",\"urlTemplate\":\"https:\/\/sybaris.pl\/?s={search_term_string}\"},\"query-input\":{\"@type\":\"PropertyValueSpecification\",\"valueRequired\":true,\"valueName\":\"search_term_string\"}}],\"inLanguage\":\"en-US\"},{\"@type\":\"Organization\",\"@id\":\"https:\/\/sybaris.pl\/#organization\",\"name\":\"Sybaris\",\"url\":\"https:\/\/sybaris.pl\/\",\"logo\":{\"@type\":\"ImageObject\",\"inLanguage\":\"en-US\",\"@id\":\"https:\/\/sybaris.pl\/#\/schema\/logo\/image\/\",\"url\":\"https:\/\/sybaris.pl\/wp-content\/uploads\/2025\/09\/logo-kwadrat-scaled.jpg\",\"contentUrl\":\"https:\/\/sybaris.pl\/wp-content\/uploads\/2025\/09\/logo-kwadrat-scaled.jpg\",\"width\":2560,\"height\":2560,\"caption\":\"Sybaris\"},\"image\":{\"@id\":\"https:\/\/sybaris.pl\/#\/schema\/logo\/image\/\"},\"sameAs\":[\"https:\/\/www.facebook.com\/galeriasybaris\/\",\"https:\/\/www.instagram.com\/sybaris.art\/\"]}]}<\/script>\n<!-- \/ Yoast SEO plugin. -->","yoast_head_json":{"title":"Sell with us - Sybaris","robots":{"index":"index","follow":"follow","max-snippet":"max-snippet:-1","max-image-preview":"max-image-preview:large","max-video-preview":"max-video-preview:-1"},"canonical":"https:\/\/sybaris.pl\/en\/sell-with-us\/","og_locale":"en_US","og_type":"article","og_title":"Sell with us - Sybaris","og_description":"Chcesz sprzeda\u0107 dzie\u0142o sztuki lub przedmiot kolekcjonerski? Wystarczy wype\u0142ni\u0107 formularz, a nasi specjali\u015bci dokonaj\u0105 bezp\u0142atnej wyceny i przedstawi\u0105 mo\u017cliwo\u015bci jego","og_url":"https:\/\/sybaris.pl\/en\/sell-with-us\/","og_site_name":"Sybaris","article_publisher":"https:\/\/www.facebook.com\/galeriasybaris\/","article_modified_time":"2025-10-06T14:56:59+00:00","twitter_card":"summary_large_image","twitter_misc":{"Est. reading time":"2 minutes"},"schema":{"@context":"https:\/\/schema.org","@graph":[{"@type":"WebPage","@id":"https:\/\/sybaris.pl\/en\/sell-with-us\/","url":"https:\/\/sybaris.pl\/en\/sell-with-us\/","name":"Sell with us - Sybaris","isPartOf":{"@id":"https:\/\/sybaris.pl\/#website"},"datePublished":"2025-08-12T22:34:37+00:00","dateModified":"2025-10-06T14:56:59+00:00","breadcrumb":{"@id":"https:\/\/sybaris.pl\/en\/sell-with-us\/#breadcrumb"},"inLanguage":"en-US","potentialAction":[{"@type":"ReadAction","target":["https:\/\/sybaris.pl\/en\/sell-with-us\/"]}]},{"@type":"BreadcrumbList","@id":"https:\/\/sybaris.pl\/en\/sell-with-us\/#breadcrumb","itemListElement":[{"@type":"ListItem","position":1,"name":"Strona g\u0142\u00f3wna","item":"https:\/\/sybaris.pl\/en\/homepage\/"},{"@type":"ListItem","position":2,"name":"Sell with us"}]},{"@type":"WebSite","@id":"https:\/\/sybaris.pl\/#website","url":"https:\/\/sybaris.pl\/","name":"Sybaris","description":"Antykwariat Sybaris","publisher":{"@id":"https:\/\/sybaris.pl\/#organization"},"potentialAction":[{"@type":"SearchAction","target":{"@type":"EntryPoint","urlTemplate":"https:\/\/sybaris.pl\/?s={search_term_string}"},"query-input":{"@type":"PropertyValueSpecification","valueRequired":true,"valueName":"search_term_string"}}],"inLanguage":"en-US"},{"@type":"Organization","@id":"https:\/\/sybaris.pl\/#organization","name":"Sybaris","url":"https:\/\/sybaris.pl\/","logo":{"@type":"ImageObject","inLanguage":"en-US","@id":"https:\/\/sybaris.pl\/#\/schema\/logo\/image\/","url":"https:\/\/sybaris.pl\/wp-content\/uploads\/2025\/09\/logo-kwadrat-scaled.jpg","contentUrl":"https:\/\/sybaris.pl\/wp-content\/uploads\/2025\/09\/logo-kwadrat-scaled.jpg","width":2560,"height":2560,"caption":"Sybaris"},"image":{"@id":"https:\/\/sybaris.pl\/#\/schema\/logo\/image\/"},"sameAs":["https:\/\/www.facebook.com\/galeriasybaris\/","https:\/\/www.instagram.com\/sybaris.art\/"]}]}},"_links":{"self":[{"href":"https:\/\/sybaris.pl\/en\/wp-json\/wp\/v2\/pages\/30319","targetHints":{"allow":["GET"]}}],"collection":[{"href":"https:\/\/sybaris.pl\/en\/wp-json\/wp\/v2\/pages"}],"about":[{"href":"https:\/\/sybaris.pl\/en\/wp-json\/wp\/v2\/types\/page"}],"author":[{"embeddable":true,"href":"https:\/\/sybaris.pl\/en\/wp-json\/wp\/v2\/users\/1"}],"replies":[{"embeddable":true,"href":"https:\/\/sybaris.pl\/en\/wp-json\/wp\/v2\/comments?post=30319"}],"version-history":[{"count":2,"href":"https:\/\/sybaris.pl\/en\/wp-json\/wp\/v2\/pages\/30319\/revisions"}],"predecessor-version":[{"id":30322,"href":"https:\/\/sybaris.pl\/en\/wp-json\/wp\/v2\/pages\/30319\/revisions\/30322"}],"wp:attachment":[{"href":"https:\/\/sybaris.pl\/en\/wp-json\/wp\/v2\/media?parent=30319"}],"curies":[{"name":"wp","href":"https:\/\/api.w.org\/{rel}","templated":true}]}}