{"id":30905,"date":"2025-10-22T19:31:45","date_gmt":"2025-10-22T19:31:45","guid":{"rendered":"https:\/\/sybaris.pl\/produkt\/uncategorized\/baroque-spoon-silver-poland-ca-1650\/"},"modified":"2026-02-24T14:40:16","modified_gmt":"2026-02-24T14:40:16","slug":"baroque-spoon-silver-poland-ca-1650","status":"publish","type":"product","link":"https:\/\/sybaris.pl\/en\/produkt\/decorative-arts\/baroque-spoon-silver-poland-ca-1650\/","title":{"rendered":"Table spoon, silver, Poland, ca. 1650"},"content":{"rendered":"\t\t<div data-elementor-type=\"wp-post\" data-elementor-id=\"30905\" class=\"elementor elementor-30905 elementor-30529\">\n\t\t\t\t<div class=\"wd-negative-gap elementor-element elementor-element-8837160 e-grid e-con-boxed e-con e-parent\" data-id=\"8837160\" data-element_type=\"container\">\n\t\t\t\t\t<div class=\"e-con-inner\">\n\t\t\t\t<div class=\"elementor-element elementor-element-5b30194 elementor-widget elementor-widget-wd_image_or_svg\" data-id=\"5b30194\" data-element_type=\"widget\" data-widget_type=\"wd_image_or_svg.default\">\n\t\t\t\t<div class=\"elementor-widget-container\">\n\t\t\t\t\t\n\t\t<div class=\"wd-image text-left\">\n\t\t\t\t\t\t\t\t<img fetchpriority=\"high\" decoding=\"async\" width=\"1500\" height=\"1875\" src=\"https:\/\/sybaris.pl\/wp-content\/uploads\/2025\/10\/Artboard-3-14.jpg\" class=\"attachment-full size-full\" alt=\"\" srcset=\"https:\/\/sybaris.pl\/wp-content\/uploads\/2025\/10\/Artboard-3-14.jpg 1500w, https:\/\/sybaris.pl\/wp-content\/uploads\/2025\/10\/Artboard-3-14-240x300.jpg 240w, https:\/\/sybaris.pl\/wp-content\/uploads\/2025\/10\/Artboard-3-14-640x800.jpg 640w, https:\/\/sybaris.pl\/wp-content\/uploads\/2025\/10\/Artboard-3-14-768x960.jpg 768w, https:\/\/sybaris.pl\/wp-content\/uploads\/2025\/10\/Artboard-3-14-1229x1536.jpg 1229w, https:\/\/sybaris.pl\/wp-content\/uploads\/2025\/10\/Artboard-3-14-430x538.jpg 430w, https:\/\/sybaris.pl\/wp-content\/uploads\/2025\/10\/Artboard-3-14-700x875.jpg 700w, https:\/\/sybaris.pl\/wp-content\/uploads\/2025\/10\/Artboard-3-14-150x188.jpg 150w\" sizes=\"(max-width: 1500px) 100vw, 1500px\" \/>\t\t\t\t\t<\/div>\n\n\t\t\t\t\t\t<\/div>\n\t\t\t\t<\/div>\n\t\t\t\t<div class=\"elementor-element elementor-element-16f9c53 elementor-widget elementor-widget-wd_text_block\" data-id=\"16f9c53\" data-element_type=\"widget\" data-widget_type=\"wd_text_block.default\">\n\t\t\t\t<div class=\"elementor-widget-container\">\n\t\t\t\t\t\t\t<div class=\"wd-text-block reset-last-child text-left\">\n\t\t\t\n\t\t\t<h4><span style=\"font-weight: 400;\">The handle is in the shape of a flat faceted bar, engraved, and on the underside of the scoop an engraved cartouche of the coat of arms with a blank shield. The lack of a coat of arms probably means that the spoon never reached a noble recipient, or that its owner was a non-heraldic person, such as a burgher. <\/span><\/h4><p> <\/p><h2><b>Historical context<\/b><\/h2><p><span style=\"font-weight: 400;\">The spoon comes from a hoard of silver objects once discovered in the Eastern Borderlands in the town of Zwinogr\u00f3dka, Korsun starosty (now Zvenyhorodka, Cherkasy Oblast in Ukraine). Theoretically, the concealment of the hoard can be correlated with events from around the mid-17th century. In 1646, the deputy starosta of Bia\u0142a Cerkiew, Zygmunt Czerny, raided the nearby Kalneb\u0142oto and the sloboda of Neberybis, belonging to Zwinogr\u00f3dka, with 200 armed men. Shortly thereafter, Zwinogr\u00f3dka was seized by the notorious troublemaker Samuel \u0141aszcz, sentenced to banishment, who at the head of impoverished nobility plundered the surrounding areas.     In 1648, Zwinogr\u00f3dka was occupied by the rebellious forces of Khmelnytsky's uprising, which marked the beginning of the town's greatest decline, Tatar raids, and the flight of the population to the Dnieper region. <\/span><\/p><p><br style=\"font-weight: 400;\"><br style=\"font-weight: 400;\"><br style=\"font-weight: 400;\"><\/p>\n\t\t\t\t\t<\/div>\n\t\t\t\t\t\t<\/div>\n\t\t\t\t<\/div>\n\t\t\t\t\t<\/div>\n\t\t\t\t<\/div>\n\t\t<div class=\"wd-negative-gap elementor-element elementor-element-5b2e9c9 e-grid e-con-boxed e-con e-parent\" data-id=\"5b2e9c9\" data-element_type=\"container\">\n\t\t\t\t\t<div class=\"e-con-inner\">\n\t\t\t\t<div class=\"elementor-element elementor-element-8cc1d5e elementor-widget elementor-widget-wd_text_block\" data-id=\"8cc1d5e\" data-element_type=\"widget\" data-widget_type=\"wd_text_block.default\">\n\t\t\t\t<div class=\"elementor-widget-container\">\n\t\t\t\t\t\t\t<div class=\"wd-text-block reset-last-child text-left\">\n\t\t\t\n\t\t\t<h2><b>Collector's value<\/b><\/h2><p><span style=\"font-weight: 400;\">Original,  <\/span><span style=\"font-weight: 400;\">Polish spoons from the 17th century very rarely appear on the collector's market. The vast majority of such silverware is in museum collections, including those at Wawel Castle and the National Museum in Cracow. A rarity is the absence of the coat of arms in the decorative cartouche on the bottom of the scoop, prepared for it. This is an indication that it was not the spoons that were made to order, but the final piece of decoration, which was the coat of arms placed in the shield prepared in advance.    <\/span><\/p><h2><b>Aesthetic qualities<\/b><\/h2><p><span style=\"font-weight: 400;\">The spoon is sparing in form and ornamentation, which has to do with a certain workshop standard and aesthetic canon that prevailed not only in Poland, but also in Silesia until the 18th century.  <\/span><\/p><h2><b>Application<\/b><\/h2><p><span style=\"font-weight: 400;\">The table spoon was part of a personalized service belonging to a wealthy individual, an object with both functional and representational purpose, constituting an element of prestige. Today it can serve as a museum exhibit, element of scenography, or collector's item\u2014for the bold, also as an everyday object. <\/span><\/p>\n\t\t\t\t\t<\/div>\n\t\t\t\t\t\t<\/div>\n\t\t\t\t<\/div>\n\t\t\t\t<div class=\"elementor-element elementor-element-ce79e0d elementor-widget elementor-widget-wd_image_or_svg\" data-id=\"ce79e0d\" data-element_type=\"widget\" data-widget_type=\"wd_image_or_svg.default\">\n\t\t\t\t<div class=\"elementor-widget-container\">\n\t\t\t\t\t\n\t\t<div class=\"wd-image text-left\">\n\t\t\t\t\t\t\t\t<img decoding=\"async\" width=\"1500\" height=\"1875\" src=\"https:\/\/sybaris.pl\/wp-content\/uploads\/2025\/10\/Artboard-8-copy-9.jpg\" class=\"attachment-full size-full\" alt=\"\" srcset=\"https:\/\/sybaris.pl\/wp-content\/uploads\/2025\/10\/Artboard-8-copy-9.jpg 1500w, https:\/\/sybaris.pl\/wp-content\/uploads\/2025\/10\/Artboard-8-copy-9-240x300.jpg 240w, https:\/\/sybaris.pl\/wp-content\/uploads\/2025\/10\/Artboard-8-copy-9-640x800.jpg 640w, https:\/\/sybaris.pl\/wp-content\/uploads\/2025\/10\/Artboard-8-copy-9-768x960.jpg 768w, https:\/\/sybaris.pl\/wp-content\/uploads\/2025\/10\/Artboard-8-copy-9-1229x1536.jpg 1229w, https:\/\/sybaris.pl\/wp-content\/uploads\/2025\/10\/Artboard-8-copy-9-430x538.jpg 430w, https:\/\/sybaris.pl\/wp-content\/uploads\/2025\/10\/Artboard-8-copy-9-700x875.jpg 700w, https:\/\/sybaris.pl\/wp-content\/uploads\/2025\/10\/Artboard-8-copy-9-150x188.jpg 150w\" sizes=\"(max-width: 1500px) 100vw, 1500px\" \/>\t\t\t\t\t<\/div>\n\n\t\t\t\t\t\t<\/div>\n\t\t\t\t<\/div>\n\t\t\t\t\t<\/div>\n\t\t\t\t<\/div>\n\t\t<div class=\"wd-negative-gap elementor-element elementor-element-3ae0adc e-grid e-con-boxed e-con e-parent\" data-id=\"3ae0adc\" data-element_type=\"container\">\n\t\t\t\t\t<div class=\"e-con-inner\">\n\t\t\t\t<div class=\"elementor-element elementor-element-bbf91ec elementor-widget elementor-widget-wd_image_or_svg\" data-id=\"bbf91ec\" data-element_type=\"widget\" data-widget_type=\"wd_image_or_svg.default\">\n\t\t\t\t<div class=\"elementor-widget-container\">\n\t\t\t\t\t\n\t\t<div class=\"wd-image text-left\">\n\t\t\t\t\t\t\t\t<img decoding=\"async\" width=\"1500\" height=\"1378\" src=\"https:\/\/sybaris.pl\/wp-content\/uploads\/2025\/10\/Artboard-1-kopia-e1765204023885.jpg\" class=\"attachment-full size-full\" alt=\"\" srcset=\"https:\/\/sybaris.pl\/wp-content\/uploads\/2025\/10\/Artboard-1-kopia-e1765204023885.jpg 1500w, https:\/\/sybaris.pl\/wp-content\/uploads\/2025\/10\/Artboard-1-kopia-e1765204023885-327x300.jpg 327w, https:\/\/sybaris.pl\/wp-content\/uploads\/2025\/10\/Artboard-1-kopia-e1765204023885-871x800.jpg 871w, https:\/\/sybaris.pl\/wp-content\/uploads\/2025\/10\/Artboard-1-kopia-e1765204023885-768x706.jpg 768w, https:\/\/sybaris.pl\/wp-content\/uploads\/2025\/10\/Artboard-1-kopia-e1765204023885-430x395.jpg 430w, https:\/\/sybaris.pl\/wp-content\/uploads\/2025\/10\/Artboard-1-kopia-e1765204023885-700x643.jpg 700w, https:\/\/sybaris.pl\/wp-content\/uploads\/2025\/10\/Artboard-1-kopia-e1765204023885-150x138.jpg 150w\" sizes=\"(max-width: 1500px) 100vw, 1500px\" \/>\t\t\t\t\t<\/div>\n\n\t\t\t\t\t\t<\/div>\n\t\t\t\t<\/div>\n\t\t\t\t<div class=\"elementor-element elementor-element-27496a8 elementor-widget elementor-widget-wd_text_block\" data-id=\"27496a8\" data-element_type=\"widget\" data-widget_type=\"wd_text_block.default\">\n\t\t\t\t<div class=\"elementor-widget-container\">\n\t\t\t\t\t\t\t<div class=\"wd-text-block reset-last-child text-left\">\n\t\t\t\n\t\t\t<h2><b>Spoon a status symbol<\/b><\/h2><p><span style=\"font-weight: 400;\">In the old Polish-Lithuanian Commonwealth, the nobility often carried their own spoons on their belts or in special cases, especially during regional assemblies, elections, or travels. Owning one's own cutlery was not only a hygienic requirement but also a mark of status. Baroque silver spoons with cartouches are today a valuable source of knowledge about table culture and the identity of Polish nobility in the Baroque era. Such cutlery was often made in small local goldsmith workshops.    The absence of hallmarks was typical of provincial production, particularly in the eastern territories of the Crown and the Grand Duchy of Lithuania. <\/span><\/p>\n\t\t\t\t\t<\/div>\n\t\t\t\t\t\t<\/div>\n\t\t\t\t<\/div>\n\t\t\t\t\t<\/div>\n\t\t\t\t<\/div>\n\t\t\t\t<\/div>\n\t\t","protected":false},"excerpt":{"rendered":"<p><span style=\"font-weight: 400;\">Silver tablespoon made in the Republic circa 1650.<\/span><span style=\"font-weight: 400;\">; baroque with egg-shaped scoop, on the back, at the joining of the scoop and the handle, engraved cartouche of the coat of arms with a hollow shield; the handle in the form of a flat faceted bar, decorated with engraving, originally ending in a profiled dome<\/span><span style=\"font-weight: 400;\">.<\/span><\/p>\n<p><span style=\"font-weight: 400;\">Very similar spoons are held in the collection of the National Museum in Krak\u00f3w (including MNK XV-307 <\/span><a href=\"https:\/\/zbiory.mnk.pl\/pl\/katalog\/523365\"><span style=\"font-weight: 400;\">https:\/\/zbiory.mnk.pl\/pl\/katalog\/523365<\/span><\/a><span style=\"font-weight: 400;\">  ). The similarities are not only in size, but also in form and decoration. It is very likely that they were made in the same workshop or workshop circle. <\/span><\/p>\n","protected":false},"featured_media":30535,"template":"","meta":[],"product_brand":[],"product_cat":[354],"product_tag":[],"class_list":{"0":"post-30905","1":"product","2":"type-product","3":"status-publish","4":"has-post-thumbnail","6":"product_cat-decorative-arts","8":"first","9":"instock","10":"shipping-taxable","11":"purchasable","12":"product-type-simple"},"yoast_head":"<!-- This site is optimized with the Yoast SEO plugin v26.5 - https:\/\/yoast.com\/wordpress\/plugins\/seo\/ -->\n<title>Table spoon, silver, Poland, ca. 1650 - Sybaris<\/title>\n<meta name=\"robots\" content=\"index, follow, max-snippet:-1, max-image-preview:large, max-video-preview:-1\" \/>\n<link rel=\"canonical\" href=\"https:\/\/sybaris.pl\/en\/produkt\/decorative-arts\/baroque-spoon-silver-poland-ca-1650\/\" \/>\n<meta property=\"og:locale\" content=\"en_US\" \/>\n<meta property=\"og:type\" content=\"article\" \/>\n<meta property=\"og:title\" content=\"Table spoon, silver, Poland, ca. 1650 - Sybaris\" \/>\n<meta property=\"og:description\" content=\"Silver tablespoon made in the Republic circa 1650.; baroque with egg-shaped scoop, on the back, at the joining of the scoop and the handle, engraved cartouche of the coat of arms with a hollow shield; the handle in the form of a flat faceted bar, decorated with engraving, originally ending in a profiled dome. Very similar spoons are held in the collection of the National Museum in Krak\u00f3w (including MNK XV-307 https:\/\/zbiory.mnk.pl\/pl\/katalog\/523365 ). The similarities are not only in size, but also in form and decoration. It is very likely that they were made in the same workshop or workshop circle.\" \/>\n<meta property=\"og:url\" content=\"https:\/\/sybaris.pl\/en\/produkt\/decorative-arts\/baroque-spoon-silver-poland-ca-1650\/\" \/>\n<meta property=\"og:site_name\" content=\"Sybaris\" \/>\n<meta property=\"article:publisher\" content=\"https:\/\/www.facebook.com\/galeriasybaris\/\" \/>\n<meta property=\"article:modified_time\" content=\"2026-02-24T14:40:16+00:00\" \/>\n<meta property=\"og:image\" content=\"https:\/\/sybaris.pl\/wp-content\/uploads\/2025\/10\/Artboard-4-copy-3-7.jpg\" \/>\n\t<meta property=\"og:image:width\" content=\"1500\" \/>\n\t<meta property=\"og:image:height\" content=\"1875\" \/>\n\t<meta property=\"og:image:type\" content=\"image\/jpeg\" \/>\n<meta name=\"twitter:card\" content=\"summary_large_image\" \/>\n<meta name=\"twitter:label1\" content=\"Est. reading time\" \/>\n\t<meta name=\"twitter:data1\" content=\"4 minutes\" \/>\n<script type=\"application\/ld+json\" class=\"yoast-schema-graph\">{\"@context\":\"https:\/\/schema.org\",\"@graph\":[{\"@type\":\"WebPage\",\"@id\":\"https:\/\/sybaris.pl\/en\/produkt\/decorative-arts\/baroque-spoon-silver-poland-ca-1650\/\",\"url\":\"https:\/\/sybaris.pl\/en\/produkt\/decorative-arts\/baroque-spoon-silver-poland-ca-1650\/\",\"name\":\"Table spoon, silver, Poland, ca. 1650 - Sybaris\",\"isPartOf\":{\"@id\":\"https:\/\/sybaris.pl\/#website\"},\"primaryImageOfPage\":{\"@id\":\"https:\/\/sybaris.pl\/en\/produkt\/decorative-arts\/baroque-spoon-silver-poland-ca-1650\/#primaryimage\"},\"image\":{\"@id\":\"https:\/\/sybaris.pl\/en\/produkt\/decorative-arts\/baroque-spoon-silver-poland-ca-1650\/#primaryimage\"},\"thumbnailUrl\":\"https:\/\/sybaris.pl\/wp-content\/uploads\/2025\/10\/Artboard-4-copy-3-7.jpg\",\"datePublished\":\"2025-10-22T19:31:45+00:00\",\"dateModified\":\"2026-02-24T14:40:16+00:00\",\"breadcrumb\":{\"@id\":\"https:\/\/sybaris.pl\/en\/produkt\/decorative-arts\/baroque-spoon-silver-poland-ca-1650\/#breadcrumb\"},\"inLanguage\":\"en-US\",\"potentialAction\":[{\"@type\":\"ReadAction\",\"target\":[\"https:\/\/sybaris.pl\/en\/produkt\/decorative-arts\/baroque-spoon-silver-poland-ca-1650\/\"]}]},{\"@type\":\"ImageObject\",\"inLanguage\":\"en-US\",\"@id\":\"https:\/\/sybaris.pl\/en\/produkt\/decorative-arts\/baroque-spoon-silver-poland-ca-1650\/#primaryimage\",\"url\":\"https:\/\/sybaris.pl\/wp-content\/uploads\/2025\/10\/Artboard-4-copy-3-7.jpg\",\"contentUrl\":\"https:\/\/sybaris.pl\/wp-content\/uploads\/2025\/10\/Artboard-4-copy-3-7.jpg\",\"width\":1500,\"height\":1875},{\"@type\":\"BreadcrumbList\",\"@id\":\"https:\/\/sybaris.pl\/en\/produkt\/decorative-arts\/baroque-spoon-silver-poland-ca-1650\/#breadcrumb\",\"itemListElement\":[{\"@type\":\"ListItem\",\"position\":1,\"name\":\"Strona g\u0142\u00f3wna\",\"item\":\"https:\/\/sybaris.pl\/en\/homepage\/\"},{\"@type\":\"ListItem\",\"position\":2,\"name\":\"Offer\",\"item\":\"https:\/\/sybaris.pl\/en\/shop\/\"},{\"@type\":\"ListItem\",\"position\":3,\"name\":\"Table spoon, silver, Poland, ca. 1650\"}]},{\"@type\":\"WebSite\",\"@id\":\"https:\/\/sybaris.pl\/#website\",\"url\":\"https:\/\/sybaris.pl\/\",\"name\":\"Sybaris\",\"description\":\"Antykwariat Sybaris\",\"publisher\":{\"@id\":\"https:\/\/sybaris.pl\/#organization\"},\"potentialAction\":[{\"@type\":\"SearchAction\",\"target\":{\"@type\":\"EntryPoint\",\"urlTemplate\":\"https:\/\/sybaris.pl\/?s={search_term_string}\"},\"query-input\":{\"@type\":\"PropertyValueSpecification\",\"valueRequired\":true,\"valueName\":\"search_term_string\"}}],\"inLanguage\":\"en-US\"},{\"@type\":\"Organization\",\"@id\":\"https:\/\/sybaris.pl\/#organization\",\"name\":\"Sybaris\",\"url\":\"https:\/\/sybaris.pl\/\",\"logo\":{\"@type\":\"ImageObject\",\"inLanguage\":\"en-US\",\"@id\":\"https:\/\/sybaris.pl\/#\/schema\/logo\/image\/\",\"url\":\"https:\/\/sybaris.pl\/wp-content\/uploads\/2025\/09\/logo-kwadrat-scaled.jpg\",\"contentUrl\":\"https:\/\/sybaris.pl\/wp-content\/uploads\/2025\/09\/logo-kwadrat-scaled.jpg\",\"width\":2560,\"height\":2560,\"caption\":\"Sybaris\"},\"image\":{\"@id\":\"https:\/\/sybaris.pl\/#\/schema\/logo\/image\/\"},\"sameAs\":[\"https:\/\/www.facebook.com\/galeriasybaris\/\",\"https:\/\/www.instagram.com\/sybaris.art\/\"]}]}<\/script>\n<!-- \/ Yoast SEO plugin. -->","yoast_head_json":{"title":"Table spoon, silver, Poland, ca. 1650 - Sybaris","robots":{"index":"index","follow":"follow","max-snippet":"max-snippet:-1","max-image-preview":"max-image-preview:large","max-video-preview":"max-video-preview:-1"},"canonical":"https:\/\/sybaris.pl\/en\/produkt\/decorative-arts\/baroque-spoon-silver-poland-ca-1650\/","og_locale":"en_US","og_type":"article","og_title":"Table spoon, silver, Poland, ca. 1650 - Sybaris","og_description":"Silver tablespoon made in the Republic circa 1650.; baroque with egg-shaped scoop, on the back, at the joining of the scoop and the handle, engraved cartouche of the coat of arms with a hollow shield; the handle in the form of a flat faceted bar, decorated with engraving, originally ending in a profiled dome. Very similar spoons are held in the collection of the National Museum in Krak\u00f3w (including MNK XV-307 https:\/\/zbiory.mnk.pl\/pl\/katalog\/523365 ). The similarities are not only in size, but also in form and decoration. It is very likely that they were made in the same workshop or workshop circle.","og_url":"https:\/\/sybaris.pl\/en\/produkt\/decorative-arts\/baroque-spoon-silver-poland-ca-1650\/","og_site_name":"Sybaris","article_publisher":"https:\/\/www.facebook.com\/galeriasybaris\/","article_modified_time":"2026-02-24T14:40:16+00:00","og_image":[{"width":1500,"height":1875,"url":"https:\/\/sybaris.pl\/wp-content\/uploads\/2025\/10\/Artboard-4-copy-3-7.jpg","type":"image\/jpeg"}],"twitter_card":"summary_large_image","twitter_misc":{"Est. reading time":"4 minutes"},"schema":{"@context":"https:\/\/schema.org","@graph":[{"@type":"WebPage","@id":"https:\/\/sybaris.pl\/en\/produkt\/decorative-arts\/baroque-spoon-silver-poland-ca-1650\/","url":"https:\/\/sybaris.pl\/en\/produkt\/decorative-arts\/baroque-spoon-silver-poland-ca-1650\/","name":"Table spoon, silver, Poland, ca. 1650 - Sybaris","isPartOf":{"@id":"https:\/\/sybaris.pl\/#website"},"primaryImageOfPage":{"@id":"https:\/\/sybaris.pl\/en\/produkt\/decorative-arts\/baroque-spoon-silver-poland-ca-1650\/#primaryimage"},"image":{"@id":"https:\/\/sybaris.pl\/en\/produkt\/decorative-arts\/baroque-spoon-silver-poland-ca-1650\/#primaryimage"},"thumbnailUrl":"https:\/\/sybaris.pl\/wp-content\/uploads\/2025\/10\/Artboard-4-copy-3-7.jpg","datePublished":"2025-10-22T19:31:45+00:00","dateModified":"2026-02-24T14:40:16+00:00","breadcrumb":{"@id":"https:\/\/sybaris.pl\/en\/produkt\/decorative-arts\/baroque-spoon-silver-poland-ca-1650\/#breadcrumb"},"inLanguage":"en-US","potentialAction":[{"@type":"ReadAction","target":["https:\/\/sybaris.pl\/en\/produkt\/decorative-arts\/baroque-spoon-silver-poland-ca-1650\/"]}]},{"@type":"ImageObject","inLanguage":"en-US","@id":"https:\/\/sybaris.pl\/en\/produkt\/decorative-arts\/baroque-spoon-silver-poland-ca-1650\/#primaryimage","url":"https:\/\/sybaris.pl\/wp-content\/uploads\/2025\/10\/Artboard-4-copy-3-7.jpg","contentUrl":"https:\/\/sybaris.pl\/wp-content\/uploads\/2025\/10\/Artboard-4-copy-3-7.jpg","width":1500,"height":1875},{"@type":"BreadcrumbList","@id":"https:\/\/sybaris.pl\/en\/produkt\/decorative-arts\/baroque-spoon-silver-poland-ca-1650\/#breadcrumb","itemListElement":[{"@type":"ListItem","position":1,"name":"Strona g\u0142\u00f3wna","item":"https:\/\/sybaris.pl\/en\/homepage\/"},{"@type":"ListItem","position":2,"name":"Offer","item":"https:\/\/sybaris.pl\/en\/shop\/"},{"@type":"ListItem","position":3,"name":"Table spoon, silver, Poland, ca. 1650"}]},{"@type":"WebSite","@id":"https:\/\/sybaris.pl\/#website","url":"https:\/\/sybaris.pl\/","name":"Sybaris","description":"Antykwariat Sybaris","publisher":{"@id":"https:\/\/sybaris.pl\/#organization"},"potentialAction":[{"@type":"SearchAction","target":{"@type":"EntryPoint","urlTemplate":"https:\/\/sybaris.pl\/?s={search_term_string}"},"query-input":{"@type":"PropertyValueSpecification","valueRequired":true,"valueName":"search_term_string"}}],"inLanguage":"en-US"},{"@type":"Organization","@id":"https:\/\/sybaris.pl\/#organization","name":"Sybaris","url":"https:\/\/sybaris.pl\/","logo":{"@type":"ImageObject","inLanguage":"en-US","@id":"https:\/\/sybaris.pl\/#\/schema\/logo\/image\/","url":"https:\/\/sybaris.pl\/wp-content\/uploads\/2025\/09\/logo-kwadrat-scaled.jpg","contentUrl":"https:\/\/sybaris.pl\/wp-content\/uploads\/2025\/09\/logo-kwadrat-scaled.jpg","width":2560,"height":2560,"caption":"Sybaris"},"image":{"@id":"https:\/\/sybaris.pl\/#\/schema\/logo\/image\/"},"sameAs":["https:\/\/www.facebook.com\/galeriasybaris\/","https:\/\/www.instagram.com\/sybaris.art\/"]}]}},"_links":{"self":[{"href":"https:\/\/sybaris.pl\/en\/wp-json\/wp\/v2\/product\/30905","targetHints":{"allow":["GET"]}}],"collection":[{"href":"https:\/\/sybaris.pl\/en\/wp-json\/wp\/v2\/product"}],"about":[{"href":"https:\/\/sybaris.pl\/en\/wp-json\/wp\/v2\/types\/product"}],"version-history":[{"count":8,"href":"https:\/\/sybaris.pl\/en\/wp-json\/wp\/v2\/product\/30905\/revisions"}],"predecessor-version":[{"id":32872,"href":"https:\/\/sybaris.pl\/en\/wp-json\/wp\/v2\/product\/30905\/revisions\/32872"}],"wp:featuredmedia":[{"embeddable":true,"href":"https:\/\/sybaris.pl\/en\/wp-json\/wp\/v2\/media\/30535"}],"wp:attachment":[{"href":"https:\/\/sybaris.pl\/en\/wp-json\/wp\/v2\/media?parent=30905"}],"wp:term":[{"taxonomy":"product_brand","embeddable":true,"href":"https:\/\/sybaris.pl\/en\/wp-json\/wp\/v2\/product_brand?post=30905"},{"taxonomy":"product_cat","embeddable":true,"href":"https:\/\/sybaris.pl\/en\/wp-json\/wp\/v2\/product_cat?post=30905"},{"taxonomy":"product_tag","embeddable":true,"href":"https:\/\/sybaris.pl\/en\/wp-json\/wp\/v2\/product_tag?post=30905"}],"curies":[{"name":"wp","href":"https:\/\/api.w.org\/{rel}","templated":true}]}}