{"id":32322,"date":"2026-01-14T16:47:54","date_gmt":"2026-01-14T16:47:54","guid":{"rendered":"https:\/\/sybaris.pl\/produkt\/uncategorized\/portrait-of-franciszka-krasinska-oil-on-canvas-poland-ca-1760\/"},"modified":"2026-01-30T12:05:54","modified_gmt":"2026-01-30T12:05:54","slug":"portrait-of-franciszka-krasinska-oil-on-canvas-poland-ca-1760","status":"publish","type":"product","link":"https:\/\/sybaris.pl\/en\/produkt\/painting\/up-to-the-18th-century-old-masters\/portrait-of-franciszka-krasinska-oil-on-canvas-poland-ca-1760\/","title":{"rendered":"Portrait of Franciszka Krasinska, oil on canvas, Poland, ca. 1760"},"content":{"rendered":"\t\t<div data-elementor-type=\"wp-post\" data-elementor-id=\"32322\" class=\"elementor elementor-32322 elementor-32310\">\n\t\t\t\t<div class=\"wd-negative-gap elementor-element elementor-element-c0b25b4 e-grid e-con-boxed e-con e-parent\" data-id=\"c0b25b4\" data-element_type=\"container\">\n\t\t\t\t\t<div class=\"e-con-inner\">\n\t\t\t\t<div class=\"elementor-element elementor-element-adff5d9 elementor-widget elementor-widget-wd_image_or_svg\" data-id=\"adff5d9\" data-element_type=\"widget\" data-widget_type=\"wd_image_or_svg.default\">\n\t\t\t\t<div class=\"elementor-widget-container\">\n\t\t\t\t\t\n\t\t<div class=\"wd-image text-left\">\n\t\t\t\t\t\t\t\t<img fetchpriority=\"high\" decoding=\"async\" width=\"1500\" height=\"1875\" src=\"https:\/\/sybaris.pl\/wp-content\/uploads\/2026\/01\/1-1.jpg\" class=\"attachment-full size-full\" alt=\"\" srcset=\"https:\/\/sybaris.pl\/wp-content\/uploads\/2026\/01\/1-1.jpg 1500w, https:\/\/sybaris.pl\/wp-content\/uploads\/2026\/01\/1-1-240x300.jpg 240w, https:\/\/sybaris.pl\/wp-content\/uploads\/2026\/01\/1-1-640x800.jpg 640w, https:\/\/sybaris.pl\/wp-content\/uploads\/2026\/01\/1-1-768x960.jpg 768w, https:\/\/sybaris.pl\/wp-content\/uploads\/2026\/01\/1-1-1229x1536.jpg 1229w, https:\/\/sybaris.pl\/wp-content\/uploads\/2026\/01\/1-1-430x538.jpg 430w, https:\/\/sybaris.pl\/wp-content\/uploads\/2026\/01\/1-1-700x875.jpg 700w, https:\/\/sybaris.pl\/wp-content\/uploads\/2026\/01\/1-1-150x188.jpg 150w\" sizes=\"(max-width: 1500px) 100vw, 1500px\" \/>\t\t\t\t\t<\/div>\n\n\t\t\t\t\t\t<\/div>\n\t\t\t\t<\/div>\n\t\t\t\t<div class=\"elementor-element elementor-element-dbd8a7a elementor-widget elementor-widget-wd_text_block\" data-id=\"dbd8a7a\" data-element_type=\"widget\" data-widget_type=\"wd_text_block.default\">\n\t\t\t\t<div class=\"elementor-widget-container\">\n\t\t\t\t\t\t\t<div class=\"wd-text-block reset-last-child text-left\">\n\t\t\t\n\t\t\t<h5><span style=\"font-weight: 400;\">Franciszka Krasi\u0144ska (1742\u20131796) was a Polish noblewoman of the \u015alepowron coat of arms, daughter of Stanis\u0142aw Krasi\u0144ski and Aniela Humi\u0119cka. In 1760, she entered into a morganatic marriage   <\/span><span style=\"font-weight: 400;\">(a union between a member of a reigning dynasty and a partner of lower social status, which did not grant rights to the throne or full dynastic titles)  <\/span><span style=\"font-weight: 400;\">with Charles Christian Wettin, son of King Augustus III of Poland, which eventually secured her the title of Duchess of Courland and Saxony. Although the union was not initially officially recognized, Franciszka held an important place in the history of the Polish 18th-century court. She died in Dresden, where she spent the last years of her life.  <\/span><\/h5>\n\t\t\t\t\t<\/div>\n\t\t\t\t\t\t<\/div>\n\t\t\t\t<\/div>\n\t\t\t\t\t<\/div>\n\t\t\t\t<\/div>\n\t\t\t\t<\/div>\n\t\t","protected":false},"excerpt":{"rendered":"<p><span style=\"font-weight: 400;\">The portrait of Franciszka Krasinska, aged about 18, was painted in Poland around 1760 by an unspecified artist. The painting is a classic example of a representative aristocratic portrait of the Rococo era. The image shows the future Polish princess dressed in an elegant lilac gown with open shoulders and a wide skirt. The figure is shown in a 3\/4 view; with one hand she holds the dark fur coat imposed over her shoulder, while the other hand is bent at the elbow and rests in front of the figure. The calm expression on her face, her delicate blush and her carefully arranged curls have been rendered with great precision.    <\/span><span style=\"font-weight: 400;\"><br \/>\n<\/span><\/p>\n","protected":false},"featured_media":32323,"template":"","meta":[],"product_brand":[],"product_cat":[359],"product_tag":[],"class_list":{"0":"post-32322","1":"product","2":"type-product","3":"status-publish","4":"has-post-thumbnail","6":"product_cat-up-to-the-18th-century-old-masters","8":"first","9":"instock","10":"shipping-taxable","11":"purchasable","12":"product-type-simple"},"yoast_head":"<!-- This site is optimized with the Yoast SEO plugin v26.5 - https:\/\/yoast.com\/wordpress\/plugins\/seo\/ -->\n<title>Portrait of Franciszka Krasinska, oil on canvas, Poland, ca. 1760 - Sybaris<\/title>\n<meta name=\"robots\" content=\"index, follow, max-snippet:-1, max-image-preview:large, max-video-preview:-1\" \/>\n<link rel=\"canonical\" href=\"https:\/\/sybaris.pl\/en\/produkt\/painting\/up-to-the-18th-century-old-masters\/portrait-of-franciszka-krasinska-oil-on-canvas-poland-ca-1760\/\" \/>\n<meta property=\"og:locale\" content=\"en_US\" \/>\n<meta property=\"og:type\" content=\"article\" \/>\n<meta property=\"og:title\" content=\"Portrait of Franciszka Krasinska, oil on canvas, Poland, ca. 1760 - Sybaris\" \/>\n<meta property=\"og:description\" content=\"The portrait of Franciszka Krasinska, aged about 18, was painted in Poland around 1760 by an unspecified artist. The painting is a classic example of a representative aristocratic portrait of the Rococo era. The image shows the future Polish princess dressed in an elegant lilac gown with open shoulders and a wide skirt. The figure is shown in a 3\/4 view; with one hand she holds the dark fur coat imposed over her shoulder, while the other hand is bent at the elbow and rests in front of the figure. The calm expression on her face, her delicate blush and her carefully arranged curls have been rendered with great precision.\" \/>\n<meta property=\"og:url\" content=\"https:\/\/sybaris.pl\/en\/produkt\/painting\/up-to-the-18th-century-old-masters\/portrait-of-franciszka-krasinska-oil-on-canvas-poland-ca-1760\/\" \/>\n<meta property=\"og:site_name\" content=\"Sybaris\" \/>\n<meta property=\"article:publisher\" content=\"https:\/\/www.facebook.com\/galeriasybaris\/\" \/>\n<meta property=\"article:modified_time\" content=\"2026-01-30T12:05:54+00:00\" \/>\n<meta property=\"og:image\" content=\"https:\/\/sybaris.pl\/wp-content\/uploads\/2026\/01\/1.jpg\" \/>\n\t<meta property=\"og:image:width\" content=\"1500\" \/>\n\t<meta property=\"og:image:height\" content=\"1875\" \/>\n\t<meta property=\"og:image:type\" content=\"image\/jpeg\" \/>\n<meta name=\"twitter:card\" content=\"summary_large_image\" \/>\n<meta name=\"twitter:label1\" content=\"Est. reading time\" \/>\n\t<meta name=\"twitter:data1\" content=\"1 minute\" \/>\n<script type=\"application\/ld+json\" class=\"yoast-schema-graph\">{\"@context\":\"https:\/\/schema.org\",\"@graph\":[{\"@type\":\"WebPage\",\"@id\":\"https:\/\/sybaris.pl\/en\/produkt\/painting\/up-to-the-18th-century-old-masters\/portrait-of-franciszka-krasinska-oil-on-canvas-poland-ca-1760\/\",\"url\":\"https:\/\/sybaris.pl\/en\/produkt\/painting\/up-to-the-18th-century-old-masters\/portrait-of-franciszka-krasinska-oil-on-canvas-poland-ca-1760\/\",\"name\":\"Portrait of Franciszka Krasinska, oil on canvas, Poland, ca. 1760 - Sybaris\",\"isPartOf\":{\"@id\":\"https:\/\/sybaris.pl\/#website\"},\"primaryImageOfPage\":{\"@id\":\"https:\/\/sybaris.pl\/en\/produkt\/painting\/up-to-the-18th-century-old-masters\/portrait-of-franciszka-krasinska-oil-on-canvas-poland-ca-1760\/#primaryimage\"},\"image\":{\"@id\":\"https:\/\/sybaris.pl\/en\/produkt\/painting\/up-to-the-18th-century-old-masters\/portrait-of-franciszka-krasinska-oil-on-canvas-poland-ca-1760\/#primaryimage\"},\"thumbnailUrl\":\"https:\/\/sybaris.pl\/wp-content\/uploads\/2026\/01\/1.jpg\",\"datePublished\":\"2026-01-14T16:47:54+00:00\",\"dateModified\":\"2026-01-30T12:05:54+00:00\",\"breadcrumb\":{\"@id\":\"https:\/\/sybaris.pl\/en\/produkt\/painting\/up-to-the-18th-century-old-masters\/portrait-of-franciszka-krasinska-oil-on-canvas-poland-ca-1760\/#breadcrumb\"},\"inLanguage\":\"en-US\",\"potentialAction\":[{\"@type\":\"ReadAction\",\"target\":[\"https:\/\/sybaris.pl\/en\/produkt\/painting\/up-to-the-18th-century-old-masters\/portrait-of-franciszka-krasinska-oil-on-canvas-poland-ca-1760\/\"]}]},{\"@type\":\"ImageObject\",\"inLanguage\":\"en-US\",\"@id\":\"https:\/\/sybaris.pl\/en\/produkt\/painting\/up-to-the-18th-century-old-masters\/portrait-of-franciszka-krasinska-oil-on-canvas-poland-ca-1760\/#primaryimage\",\"url\":\"https:\/\/sybaris.pl\/wp-content\/uploads\/2026\/01\/1.jpg\",\"contentUrl\":\"https:\/\/sybaris.pl\/wp-content\/uploads\/2026\/01\/1.jpg\",\"width\":1500,\"height\":1875},{\"@type\":\"BreadcrumbList\",\"@id\":\"https:\/\/sybaris.pl\/en\/produkt\/painting\/up-to-the-18th-century-old-masters\/portrait-of-franciszka-krasinska-oil-on-canvas-poland-ca-1760\/#breadcrumb\",\"itemListElement\":[{\"@type\":\"ListItem\",\"position\":1,\"name\":\"Strona g\u0142\u00f3wna\",\"item\":\"https:\/\/sybaris.pl\/en\/homepage\/\"},{\"@type\":\"ListItem\",\"position\":2,\"name\":\"Offer\",\"item\":\"https:\/\/sybaris.pl\/en\/shop\/\"},{\"@type\":\"ListItem\",\"position\":3,\"name\":\"Portrait of Franciszka Krasinska, oil on canvas, Poland, ca. 1760\"}]},{\"@type\":\"WebSite\",\"@id\":\"https:\/\/sybaris.pl\/#website\",\"url\":\"https:\/\/sybaris.pl\/\",\"name\":\"Sybaris\",\"description\":\"Antykwariat Sybaris\",\"publisher\":{\"@id\":\"https:\/\/sybaris.pl\/#organization\"},\"potentialAction\":[{\"@type\":\"SearchAction\",\"target\":{\"@type\":\"EntryPoint\",\"urlTemplate\":\"https:\/\/sybaris.pl\/?s={search_term_string}\"},\"query-input\":{\"@type\":\"PropertyValueSpecification\",\"valueRequired\":true,\"valueName\":\"search_term_string\"}}],\"inLanguage\":\"en-US\"},{\"@type\":\"Organization\",\"@id\":\"https:\/\/sybaris.pl\/#organization\",\"name\":\"Sybaris\",\"url\":\"https:\/\/sybaris.pl\/\",\"logo\":{\"@type\":\"ImageObject\",\"inLanguage\":\"en-US\",\"@id\":\"https:\/\/sybaris.pl\/#\/schema\/logo\/image\/\",\"url\":\"https:\/\/sybaris.pl\/wp-content\/uploads\/2025\/09\/logo-kwadrat-scaled.jpg\",\"contentUrl\":\"https:\/\/sybaris.pl\/wp-content\/uploads\/2025\/09\/logo-kwadrat-scaled.jpg\",\"width\":2560,\"height\":2560,\"caption\":\"Sybaris\"},\"image\":{\"@id\":\"https:\/\/sybaris.pl\/#\/schema\/logo\/image\/\"},\"sameAs\":[\"https:\/\/www.facebook.com\/galeriasybaris\/\",\"https:\/\/www.instagram.com\/sybaris.art\/\"]}]}<\/script>\n<!-- \/ Yoast SEO plugin. -->","yoast_head_json":{"title":"Portrait of Franciszka Krasinska, oil on canvas, Poland, ca. 1760 - Sybaris","robots":{"index":"index","follow":"follow","max-snippet":"max-snippet:-1","max-image-preview":"max-image-preview:large","max-video-preview":"max-video-preview:-1"},"canonical":"https:\/\/sybaris.pl\/en\/produkt\/painting\/up-to-the-18th-century-old-masters\/portrait-of-franciszka-krasinska-oil-on-canvas-poland-ca-1760\/","og_locale":"en_US","og_type":"article","og_title":"Portrait of Franciszka Krasinska, oil on canvas, Poland, ca. 1760 - Sybaris","og_description":"The portrait of Franciszka Krasinska, aged about 18, was painted in Poland around 1760 by an unspecified artist. The painting is a classic example of a representative aristocratic portrait of the Rococo era. The image shows the future Polish princess dressed in an elegant lilac gown with open shoulders and a wide skirt. The figure is shown in a 3\/4 view; with one hand she holds the dark fur coat imposed over her shoulder, while the other hand is bent at the elbow and rests in front of the figure. The calm expression on her face, her delicate blush and her carefully arranged curls have been rendered with great precision.","og_url":"https:\/\/sybaris.pl\/en\/produkt\/painting\/up-to-the-18th-century-old-masters\/portrait-of-franciszka-krasinska-oil-on-canvas-poland-ca-1760\/","og_site_name":"Sybaris","article_publisher":"https:\/\/www.facebook.com\/galeriasybaris\/","article_modified_time":"2026-01-30T12:05:54+00:00","og_image":[{"width":1500,"height":1875,"url":"https:\/\/sybaris.pl\/wp-content\/uploads\/2026\/01\/1.jpg","type":"image\/jpeg"}],"twitter_card":"summary_large_image","twitter_misc":{"Est. reading time":"1 minute"},"schema":{"@context":"https:\/\/schema.org","@graph":[{"@type":"WebPage","@id":"https:\/\/sybaris.pl\/en\/produkt\/painting\/up-to-the-18th-century-old-masters\/portrait-of-franciszka-krasinska-oil-on-canvas-poland-ca-1760\/","url":"https:\/\/sybaris.pl\/en\/produkt\/painting\/up-to-the-18th-century-old-masters\/portrait-of-franciszka-krasinska-oil-on-canvas-poland-ca-1760\/","name":"Portrait of Franciszka Krasinska, oil on canvas, Poland, ca. 1760 - Sybaris","isPartOf":{"@id":"https:\/\/sybaris.pl\/#website"},"primaryImageOfPage":{"@id":"https:\/\/sybaris.pl\/en\/produkt\/painting\/up-to-the-18th-century-old-masters\/portrait-of-franciszka-krasinska-oil-on-canvas-poland-ca-1760\/#primaryimage"},"image":{"@id":"https:\/\/sybaris.pl\/en\/produkt\/painting\/up-to-the-18th-century-old-masters\/portrait-of-franciszka-krasinska-oil-on-canvas-poland-ca-1760\/#primaryimage"},"thumbnailUrl":"https:\/\/sybaris.pl\/wp-content\/uploads\/2026\/01\/1.jpg","datePublished":"2026-01-14T16:47:54+00:00","dateModified":"2026-01-30T12:05:54+00:00","breadcrumb":{"@id":"https:\/\/sybaris.pl\/en\/produkt\/painting\/up-to-the-18th-century-old-masters\/portrait-of-franciszka-krasinska-oil-on-canvas-poland-ca-1760\/#breadcrumb"},"inLanguage":"en-US","potentialAction":[{"@type":"ReadAction","target":["https:\/\/sybaris.pl\/en\/produkt\/painting\/up-to-the-18th-century-old-masters\/portrait-of-franciszka-krasinska-oil-on-canvas-poland-ca-1760\/"]}]},{"@type":"ImageObject","inLanguage":"en-US","@id":"https:\/\/sybaris.pl\/en\/produkt\/painting\/up-to-the-18th-century-old-masters\/portrait-of-franciszka-krasinska-oil-on-canvas-poland-ca-1760\/#primaryimage","url":"https:\/\/sybaris.pl\/wp-content\/uploads\/2026\/01\/1.jpg","contentUrl":"https:\/\/sybaris.pl\/wp-content\/uploads\/2026\/01\/1.jpg","width":1500,"height":1875},{"@type":"BreadcrumbList","@id":"https:\/\/sybaris.pl\/en\/produkt\/painting\/up-to-the-18th-century-old-masters\/portrait-of-franciszka-krasinska-oil-on-canvas-poland-ca-1760\/#breadcrumb","itemListElement":[{"@type":"ListItem","position":1,"name":"Strona g\u0142\u00f3wna","item":"https:\/\/sybaris.pl\/en\/homepage\/"},{"@type":"ListItem","position":2,"name":"Offer","item":"https:\/\/sybaris.pl\/en\/shop\/"},{"@type":"ListItem","position":3,"name":"Portrait of Franciszka Krasinska, oil on canvas, Poland, ca. 1760"}]},{"@type":"WebSite","@id":"https:\/\/sybaris.pl\/#website","url":"https:\/\/sybaris.pl\/","name":"Sybaris","description":"Antykwariat Sybaris","publisher":{"@id":"https:\/\/sybaris.pl\/#organization"},"potentialAction":[{"@type":"SearchAction","target":{"@type":"EntryPoint","urlTemplate":"https:\/\/sybaris.pl\/?s={search_term_string}"},"query-input":{"@type":"PropertyValueSpecification","valueRequired":true,"valueName":"search_term_string"}}],"inLanguage":"en-US"},{"@type":"Organization","@id":"https:\/\/sybaris.pl\/#organization","name":"Sybaris","url":"https:\/\/sybaris.pl\/","logo":{"@type":"ImageObject","inLanguage":"en-US","@id":"https:\/\/sybaris.pl\/#\/schema\/logo\/image\/","url":"https:\/\/sybaris.pl\/wp-content\/uploads\/2025\/09\/logo-kwadrat-scaled.jpg","contentUrl":"https:\/\/sybaris.pl\/wp-content\/uploads\/2025\/09\/logo-kwadrat-scaled.jpg","width":2560,"height":2560,"caption":"Sybaris"},"image":{"@id":"https:\/\/sybaris.pl\/#\/schema\/logo\/image\/"},"sameAs":["https:\/\/www.facebook.com\/galeriasybaris\/","https:\/\/www.instagram.com\/sybaris.art\/"]}]}},"_links":{"self":[{"href":"https:\/\/sybaris.pl\/en\/wp-json\/wp\/v2\/product\/32322","targetHints":{"allow":["GET"]}}],"collection":[{"href":"https:\/\/sybaris.pl\/en\/wp-json\/wp\/v2\/product"}],"about":[{"href":"https:\/\/sybaris.pl\/en\/wp-json\/wp\/v2\/types\/product"}],"version-history":[{"count":2,"href":"https:\/\/sybaris.pl\/en\/wp-json\/wp\/v2\/product\/32322\/revisions"}],"predecessor-version":[{"id":32545,"href":"https:\/\/sybaris.pl\/en\/wp-json\/wp\/v2\/product\/32322\/revisions\/32545"}],"wp:featuredmedia":[{"embeddable":true,"href":"https:\/\/sybaris.pl\/en\/wp-json\/wp\/v2\/media\/32323"}],"wp:attachment":[{"href":"https:\/\/sybaris.pl\/en\/wp-json\/wp\/v2\/media?parent=32322"}],"wp:term":[{"taxonomy":"product_brand","embeddable":true,"href":"https:\/\/sybaris.pl\/en\/wp-json\/wp\/v2\/product_brand?post=32322"},{"taxonomy":"product_cat","embeddable":true,"href":"https:\/\/sybaris.pl\/en\/wp-json\/wp\/v2\/product_cat?post=32322"},{"taxonomy":"product_tag","embeddable":true,"href":"https:\/\/sybaris.pl\/en\/wp-json\/wp\/v2\/product_tag?post=32322"}],"curies":[{"name":"wp","href":"https:\/\/api.w.org\/{rel}","templated":true}]}}